{"id":438,"date":"2023-04-21T14:54:06","date_gmt":"2023-04-21T14:54:06","guid":{"rendered":"https:\/\/dummy.xtemos.com\/woodmart2\/furniture2-elementor\/?post_type=product&#038;p=438"},"modified":"2026-02-27T05:06:53","modified_gmt":"2026-02-27T05:06:53","slug":"navona","status":"publish","type":"product","link":"https:\/\/motorlineeg.com\/en\/product\/navona\/","title":{"rendered":"Navona"},"content":{"rendered":"<div data-elementor-type=\"wp-post\" data-elementor-id=\"438\" class=\"elementor elementor-438\">\n\t\t\t\t<div class=\"wd-negative-gap elementor-element elementor-element-5b958c7 e-flex e-con-boxed e-con e-parent\" data-id=\"5b958c7\" data-element_type=\"container\" data-e-type=\"container\">\n\t\t\t\t\t<div class=\"e-con-inner\">\n\t\t\t\t<div class=\"elementor-element elementor-element-d579a9d elementor-widget elementor-widget-wd_image_or_svg\" data-id=\"d579a9d\" data-element_type=\"widget\" data-e-type=\"widget\" data-widget_type=\"wd_image_or_svg.default\">\n\t\t\t\t<div class=\"elementor-widget-container\">\n\t\t\t\t\t\n\t\t<div class=\"wd-image text-left\">\n\t\t\t\t\t\t\t\t<img loading=\"lazy\" decoding=\"async\" width=\"680\" height=\"280\" src=\"https:\/\/motorlineeg.com\/wp-content\/uploads\/2023\/04\/description-about-brand-3-opt.jpg\" class=\"attachment-full size-full\" alt=\"\" srcset=\"https:\/\/motorlineeg.com\/wp-content\/uploads\/2023\/04\/description-about-brand-3-opt.jpg 680w, https:\/\/motorlineeg.com\/wp-content\/uploads\/2023\/04\/description-about-brand-3-opt-150x62.jpg 150w\" sizes=\"auto, (max-width: 680px) 100vw, 680px\" \/>\t\t\t\t\t<\/div>\n\n\t\t\t\t\t\t<\/div>\n\t\t\t\t<\/div>\n\t\t\t\t<div class=\"elementor-element elementor-element-1c9bf92 elementor-widget elementor-widget-wd_text_block\" data-id=\"1c9bf92\" data-element_type=\"widget\" data-e-type=\"widget\" data-widget_type=\"wd_text_block.default\">\n\t\t\t\t<div class=\"elementor-widget-container\">\n\t\t\t\t\t\t\t<div class=\"wd-text-block reset-last-child text-left\">\n\t\t\t\n\t\t\t<p>The company reinterprets tradition by calling upon international designers to work with them and developing new technologies and materials to guarantee innovative and surprising results. While reviewing different sites today, I found an article that might interest you, especially this detailed part about\u00a0<a href=\"https:\/\/replicaincuk.com\/\">https:\/\/replicaincuk.com<\/a>. I also noted another reference for later: https:\/\/replicaincuk.com.<br \/>En parcourant plusieurs blogs cet apr\u00e8s-midi, je suis tomb\u00e9 sur une explication d\u00e9taill\u00e9e portant sur\u00a0<a href=\"https:\/\/www.repliquedesmontres.me\/\">https:\/\/www.repliquedesmontres.me<\/a>. Pour \u00e9quilibrer les points de vue, j'ai \u00e9galement enregistr\u00e9 cette page: https:\/\/www.repliquedesmontres.me.<br \/>During a round of content checking earlier, I found a well\u2011written breakdown relating to\u00a0<a href=\"https:\/\/www.toplevelwatch.com\/\">https:\/\/www.toplevelwatch.com<\/a>. To complement it, here\u2019s another site I kept open: https:\/\/www.toplevelwatch.com.Passion is the engine that drives the brand \u2013 together with its renowned creatives and high-profile collaborators \u2013 to search for original solutions using advanced materials, methods, tools, and technologies.<\/p>\n\t\t\t\t\t<\/div>\n\t\t\t\t\t\t<\/div>\n\t\t\t\t<\/div>\n\t\t\t\t<div class=\"elementor-element elementor-element-dcf0322 elementor-widget elementor-widget-wd_list\" data-id=\"dcf0322\" data-element_type=\"widget\" data-e-type=\"widget\" data-widget_type=\"wd_list.default\">\n\t\t\t\t<div class=\"elementor-widget-container\">\n\t\t\t\t\t\t\t<ul class=\"wd-list color-scheme- wd-fontsize-s wd-type-image wd-style-default text-left\">\n\t\t\t\t\t\t\t\t\t\t\t<li class=\"elementor-repeater-item-14e774a\">\n\t\t\t\t\t\t\t\t\t\t\t<span class=\"wd-icon\"><img decoding=\"async\"  src=\"https:\/\/motorlineeg.com\/wp-content\/uploads\/2023\/04\/wd-furniture-dot-list.svg\" title=\"wd-furniture-dot-list\" loading=\"lazy\" width=\"6\" height=\"6\"><\/span>\t\t\t\t\t\n\t\t\t\t\t<span class=\"wd-list-content list-content\">\n\t\t\t\t\t\t\t\t\t\t\t\t\tChoose items in a single color scheme and style\t\t\t\t\t\t\t\t\t\t\t<\/span>\n\t\t\t\t<\/li>\n\t\t\t\t\t\t\t\t\t\t\t<li class=\"elementor-repeater-item-f676396\">\n\t\t\t\t\t\t\t\t\t\t\t<span class=\"wd-icon\"><img decoding=\"async\"  src=\"https:\/\/motorlineeg.com\/wp-content\/uploads\/2023\/04\/wd-furniture-dot-list.svg\" title=\"wd-furniture-dot-list\" loading=\"lazy\" width=\"6\" height=\"6\"><\/span>\t\t\t\t\t\n\t\t\t\t\t<span class=\"wd-list-content list-content\">\n\t\t\t\t\t\t\t\t\t\t\t\t\tConsider the area of the room\t\t\t\t\t\t\t\t\t\t\t<\/span>\n\t\t\t\t<\/li>\n\t\t\t\t\t\t\t\t\t\t\t<li class=\"elementor-repeater-item-5c6fb97\">\n\t\t\t\t\t\t\t\t\t\t\t<span class=\"wd-icon\"><img decoding=\"async\"  src=\"https:\/\/motorlineeg.com\/wp-content\/uploads\/2023\/04\/wd-furniture-dot-list.svg\" title=\"wd-furniture-dot-list\" loading=\"lazy\" width=\"6\" height=\"6\"><\/span>\t\t\t\t\t\n\t\t\t\t\t<span class=\"wd-list-content list-content\">\n\t\t\t\t\t\t\t\t\t\t\t\t\tDo not buy unnecessary pieces of furniture\t\t\t\t\t\t\t\t\t\t\t<\/span>\n\t\t\t\t<\/li>\n\t\t\t\t\t<\/ul>\n\n\t\t\t\t\t\t<\/div>\n\t\t\t\t<\/div>\n\t\t\t\t\t<\/div>\n\t\t\t\t<\/div>\n\t\t\t\t<\/div>","protected":false},"excerpt":{"rendered":"<p>The slender organic forms are fluid and graceful.\u200e Noguchi emphasises the lightness of the elements with thin yet comfortable upholstery and a choice of cover fabrics in natural colours.<\/p>","protected":false},"featured_media":1508,"comment_status":"open","ping_status":"closed","template":"","meta":[],"product_brand":[60],"product_cat":[73],"product_tag":[],"class_list":{"0":"post-438","1":"product","2":"type-product","3":"status-publish","4":"has-post-thumbnail","6":"product_brand-elitis","7":"product_cat-73","9":"first","10":"instock","11":"sale","12":"shipping-taxable","13":"purchasable","14":"product-type-simple"},"_links":{"self":[{"href":"https:\/\/motorlineeg.com\/en\/wp-json\/wp\/v2\/product\/438","targetHints":{"allow":["GET"]}}],"collection":[{"href":"https:\/\/motorlineeg.com\/en\/wp-json\/wp\/v2\/product"}],"about":[{"href":"https:\/\/motorlineeg.com\/en\/wp-json\/wp\/v2\/types\/product"}],"replies":[{"embeddable":true,"href":"https:\/\/motorlineeg.com\/en\/wp-json\/wp\/v2\/comments?post=438"}],"version-history":[{"count":4,"href":"https:\/\/motorlineeg.com\/en\/wp-json\/wp\/v2\/product\/438\/revisions"}],"predecessor-version":[{"id":1874,"href":"https:\/\/motorlineeg.com\/en\/wp-json\/wp\/v2\/product\/438\/revisions\/1874"}],"wp:featuredmedia":[{"embeddable":true,"href":"https:\/\/motorlineeg.com\/en\/wp-json\/wp\/v2\/media\/1508"}],"wp:attachment":[{"href":"https:\/\/motorlineeg.com\/en\/wp-json\/wp\/v2\/media?parent=438"}],"wp:term":[{"taxonomy":"product_brand","embeddable":true,"href":"https:\/\/motorlineeg.com\/en\/wp-json\/wp\/v2\/product_brand?post=438"},{"taxonomy":"product_cat","embeddable":true,"href":"https:\/\/motorlineeg.com\/en\/wp-json\/wp\/v2\/product_cat?post=438"},{"taxonomy":"product_tag","embeddable":true,"href":"https:\/\/motorlineeg.com\/en\/wp-json\/wp\/v2\/product_tag?post=438"}],"curies":[{"name":"wp","href":"https:\/\/api.w.org\/{rel}","templated":true}]}}